{"id":2,"date":"2023-03-17T22:04:29","date_gmt":"2023-03-17T21:04:29","guid":{"rendered":"http:\/\/guillaumepop.fr\/?page_id=2"},"modified":"2025-03-05T21:49:07","modified_gmt":"2025-03-05T20:49:07","slug":"page-d-exemple","status":"publish","type":"page","link":"https:\/\/gpop-events.ddns.net\/","title":{"rendered":"Bonjour la team !!"},"content":{"rendered":"\n<p>Bienvenue sur mon site internet !! Vous avez \u00e9t\u00e9 nombreux \u00e0 me demander de cr\u00e9er un bonnet de bain hors du commun, unique en son genre. Tr\u00e8s bonne id\u00e9e. Je vous propose donc une premi\u00e8re cr\u00e9ation, et mets en vente : <strong><mark class=\"has-inline-color has-vivid-cyan-blue-color\">100 bonnets,<\/mark><\/strong> taille unique, couleur bleue. Fabrication de qualit\u00e9 via mon partenaire <a href=\"https:\/\/www.eurocomswim.com\/\" target=\"_blank\" rel=\"noreferrer noopener\">Eurocomswim<\/a>.<\/p>\n\n\n\n<p>L&rsquo;objectif prochain sera de vous proposer r\u00e9guli\u00e8rement de nouvelles cr\u00e9ations funs, dr\u00f4les et d\u00e9cal\u00e9es : T-shirt, Bonnet, Maillots de bain, Goodies&#8230;<\/p>\n\n\n\n<p>Rejoignez moi sur les r\u00e9seaux sociaux et partagez votre meilleure photo, en situation, avec le bonnet sur la t\u00eate !! A bient\u00f4t <\/p>\n\n\n\n<p>Guillaume Pop<\/p>\n\n\n\n<hr class=\"wp-block-separator has-alpha-channel-opacity\"\/>\n\n\n\n<div data-block-name=\"woocommerce\/single-product\" data-product-id=\"13\" data-wp-context=\"{&quot;productId&quot;:13,&quot;variationId&quot;:null}\" data-wp-interactive=\"woocommerce\/single-product\" class=\"wp-block-woocommerce-single-product woocommerce\">\n<div class=\"wp-block-columns is-layout-flex wp-container-core-columns-is-layout-9d6595d7 wp-block-columns-is-layout-flex\">\n<div class=\"wp-block-column is-layout-flow wp-block-column-is-layout-flow\"><div data-block-name=\"woocommerce\/product-image\" data-is-descendent-of-single-product-block=\"true\" data-show-sale-badge=\"false\" class=\"wc-block-components-product-image wc-block-grid__product-image wc-block-components-product-image--aspect-ratio-auto wp-block-woocommerce-product-image\"><a href=\"https:\/\/gpop-events.ddns.net\/index.php\/produit\/bonnet-de-bain-serie-speciale\/\" style=\"\" data-wp-on--click=\"woocommerce\/product-collection::actions.viewProduct\"><img decoding=\"async\" width=\"300\" height=\"212\" src=\"https:\/\/gpop-events.ddns.net\/wp-content\/uploads\/2023\/03\/Bonnet-bleue-300x212.jpg\" class=\"attachment-woocommerce_single size-woocommerce_single\" alt=\"Bonnet de bain\" data-testid=\"product-image\" data-image-id=\"334\" style=\"object-fit:cover;\" loading=\"lazy\" srcset=\"https:\/\/gpop-events.ddns.net\/wp-content\/uploads\/2023\/03\/Bonnet-bleue-300x212.jpg 300w, https:\/\/gpop-events.ddns.net\/wp-content\/uploads\/2023\/03\/Bonnet-bleue-1024x724.jpg 1024w, https:\/\/gpop-events.ddns.net\/wp-content\/uploads\/2023\/03\/Bonnet-bleue-768x543.jpg 768w, https:\/\/gpop-events.ddns.net\/wp-content\/uploads\/2023\/03\/Bonnet-bleue-1536x1086.jpg 1536w, https:\/\/gpop-events.ddns.net\/wp-content\/uploads\/2023\/03\/Bonnet-bleue-1140x806.jpg 1140w, https:\/\/gpop-events.ddns.net\/wp-content\/uploads\/2023\/03\/Bonnet-bleue.jpg 1600w\" sizes=\"auto, (max-width: 300px) 100vw, 300px\" \/><div class=\"wc-block-components-product-image__inner-container\"><\/div><\/a><\/div><\/div>\n\n\n\n<div class=\"wp-block-column is-layout-flow wp-block-column-is-layout-flow\"><h2 class=\"wp-block-post-title\"><a href=\"https:\/\/gpop-events.ddns.net\/index.php\/produit\/bonnet-de-bain-serie-speciale\/\" target=\"_self\" >Bonnet de bain<\/a><\/h2>\n\n\n\n<div data-block-name=\"woocommerce\/product-price\" data-is-descendent-of-single-product-block=\"true\" class=\"wp-block-woocommerce-product-price\" ><div class=\"wc-block-components-product-price wc-block-grid__product-price\" >\n\t\t\t\t\t<span class=\"woocommerce-Price-amount amount\"><bdi>14,00&nbsp;<span class=\"woocommerce-Price-currencySymbol\">&euro;<\/span><\/bdi><\/span>\n\t\t\t\t<\/div><\/div>\n\n<div class=\"wp-block-post-excerpt\"><p class=\"wp-block-post-excerpt__excerpt\">Bonnet de bain Guillaume Pop <\/p><\/div>\n\n<div data-block-name=\"woocommerce\/add-to-cart-form\" data-is-descendent-of-single-product-block=\"true\" class=\"wp-block-add-to-cart-form wc-block-add-to-cart-form wc-block-add-to-cart-form--input wp-block-woocommerce-add-to-cart-form\" >\n<form class=\"variations_form cart\" action=\"https:\/\/gpop-events.ddns.net\/index.php\/produit\/bonnet-de-bain-serie-speciale\/\" method=\"post\" enctype='multipart\/form-data' data-product_id=\"13\" data-product_variations=\"[{&quot;attributes&quot;:{&quot;attribute_pa_couleur&quot;:&quot;bleu&quot;,&quot;attribute_pa_taille&quot;:&quot;taille-unique&quot;},&quot;availability_html&quot;:&quot;&lt;p class=\\&quot;stock in-stock\\&quot;&gt;74 en stock&lt;\\\/p&gt;\\n&quot;,&quot;backorders_allowed&quot;:false,&quot;dimensions&quot;:{&quot;length&quot;:&quot;22&quot;,&quot;width&quot;:&quot;19&quot;,&quot;height&quot;:&quot;0.03&quot;},&quot;dimensions_html&quot;:&quot;22 &amp;times; 19 &amp;times; 0,03 cm&quot;,&quot;display_price&quot;:14,&quot;display_regular_price&quot;:14,&quot;image&quot;:{&quot;title&quot;:&quot;Bonnet bleue&quot;,&quot;caption&quot;:&quot;&quot;,&quot;url&quot;:&quot;https:\\\/\\\/gpop-events.ddns.net\\\/wp-content\\\/uploads\\\/2023\\\/03\\\/Bonnet-bleue.jpg&quot;,&quot;alt&quot;:&quot;Bonnet bleue&quot;,&quot;src&quot;:&quot;https:\\\/\\\/gpop-events.ddns.net\\\/wp-content\\\/uploads\\\/2023\\\/03\\\/Bonnet-bleue-300x212.jpg&quot;,&quot;srcset&quot;:&quot;https:\\\/\\\/gpop-events.ddns.net\\\/wp-content\\\/uploads\\\/2023\\\/03\\\/Bonnet-bleue-300x212.jpg 300w, https:\\\/\\\/gpop-events.ddns.net\\\/wp-content\\\/uploads\\\/2023\\\/03\\\/Bonnet-bleue-1024x724.jpg 1024w, https:\\\/\\\/gpop-events.ddns.net\\\/wp-content\\\/uploads\\\/2023\\\/03\\\/Bonnet-bleue-768x543.jpg 768w, https:\\\/\\\/gpop-events.ddns.net\\\/wp-content\\\/uploads\\\/2023\\\/03\\\/Bonnet-bleue-1536x1086.jpg 1536w, https:\\\/\\\/gpop-events.ddns.net\\\/wp-content\\\/uploads\\\/2023\\\/03\\\/Bonnet-bleue-1140x806.jpg 1140w, https:\\\/\\\/gpop-events.ddns.net\\\/wp-content\\\/uploads\\\/2023\\\/03\\\/Bonnet-bleue.jpg 1600w&quot;,&quot;sizes&quot;:&quot;(max-width: 300px) 100vw, 300px&quot;,&quot;full_src&quot;:&quot;https:\\\/\\\/gpop-events.ddns.net\\\/wp-content\\\/uploads\\\/2023\\\/03\\\/Bonnet-bleue.jpg&quot;,&quot;full_src_w&quot;:1600,&quot;full_src_h&quot;:1131,&quot;gallery_thumbnail_src&quot;:&quot;https:\\\/\\\/gpop-events.ddns.net\\\/wp-content\\\/uploads\\\/2023\\\/03\\\/Bonnet-bleue-100x100.jpg&quot;,&quot;gallery_thumbnail_src_w&quot;:100,&quot;gallery_thumbnail_src_h&quot;:100,&quot;thumb_src&quot;:&quot;https:\\\/\\\/gpop-events.ddns.net\\\/wp-content\\\/uploads\\\/2023\\\/03\\\/Bonnet-bleue-300x212.jpg&quot;,&quot;thumb_src_w&quot;:300,&quot;thumb_src_h&quot;:212,&quot;src_w&quot;:300,&quot;src_h&quot;:212},&quot;image_id&quot;:334,&quot;is_downloadable&quot;:false,&quot;is_in_stock&quot;:true,&quot;is_purchasable&quot;:true,&quot;is_sold_individually&quot;:&quot;no&quot;,&quot;is_virtual&quot;:false,&quot;max_qty&quot;:74,&quot;min_qty&quot;:1,&quot;price_html&quot;:&quot;&quot;,&quot;sku&quot;:&quot;Bonnet_bleu&quot;,&quot;variation_description&quot;:&quot;&lt;p&gt;Bonnet bleu Guillaume Pop&lt;\\\/p&gt;\\n&quot;,&quot;variation_id&quot;:16,&quot;variation_is_active&quot;:true,&quot;variation_is_visible&quot;:true,&quot;weight&quot;:&quot;60&quot;,&quot;weight_html&quot;:&quot;60 g&quot;}]\">\n\t\n\t\t\t<table class=\"variations\" cellspacing=\"0\" role=\"presentation\">\n\t\t\t<tbody>\n\t\t\t\t\t\t\t\t\t<tr>\n\t\t\t\t\t\t<th class=\"label\"><label for=\"pa_couleur\">Couleur<\/label><\/th>\n\t\t\t\t\t\t<td class=\"value\">\n\t\t\t\t\t\t\t<select id=\"pa_couleur\" class=\"\" name=\"attribute_pa_couleur\" data-attribute_name=\"attribute_pa_couleur\" data-show_option_none=\"yes\"><option value=\"\">Choisir une option<\/option><option value=\"bleu\"  selected='selected'>Bleu<\/option><\/select>\t\t\t\t\t\t<\/td>\n\t\t\t\t\t<\/tr>\n\t\t\t\t\t\t\t\t\t<tr>\n\t\t\t\t\t\t<th class=\"label\"><label for=\"pa_taille\">Taille<\/label><\/th>\n\t\t\t\t\t\t<td class=\"value\">\n\t\t\t\t\t\t\t<select id=\"pa_taille\" class=\"\" name=\"attribute_pa_taille\" data-attribute_name=\"attribute_pa_taille\" data-show_option_none=\"yes\"><option value=\"\">Choisir une option<\/option><option value=\"taille-unique\"  selected='selected'>Taille unique<\/option><\/select><a class=\"reset_variations\" href=\"#\" aria-label=\"Effacer les options\">Effacer<\/a>\t\t\t\t\t\t<\/td>\n\t\t\t\t\t<\/tr>\n\t\t\t\t\t\t\t<\/tbody>\n\t\t<\/table>\n\t\t<div class=\"reset_variations_alert screen-reader-text\" role=\"alert\" aria-live=\"polite\" aria-relevant=\"all\"><\/div>\n\t\t\n\t\t<div class=\"single_variation_wrap\">\n\t\t\t<div class=\"woocommerce-variation single_variation\" role=\"alert\" aria-relevant=\"additions\"><\/div><div class=\"woocommerce-variation-add-to-cart variations_button\">\n\t\n\t<div class=\"quantity\">\n\t\t<label class=\"screen-reader-text\" for=\"quantity_69d266443091f\">quantit\u00e9 de Bonnet de bain<\/label>\n\t<input\n\t\ttype=\"number\"\n\t\t\t\tid=\"quantity_69d266443091f\"\n\t\tclass=\"input-text qty text\"\n\t\tname=\"quantity\"\n\t\tvalue=\"1\"\n\t\taria-label=\"Quantit\u00e9 de produits\"\n\t\t\t\tmin=\"1\"\n\t\t\t\t\t\t\tstep=\"1\"\n\t\t\tplaceholder=\"\"\n\t\t\tinputmode=\"numeric\"\n\t\t\tautocomplete=\"off\"\n\t\t\t\/>\n\t<\/div>\n\n\t<button type=\"submit\" class=\"single_add_to_cart_button button alt\">Ajouter au panier<\/button>\n\n\t\n\t<input type=\"hidden\" name=\"add-to-cart\" value=\"13\" \/>\n\t<input type=\"hidden\" name=\"product_id\" value=\"13\" \/>\n\t<input type=\"hidden\" name=\"variation_id\" class=\"variation_id\" value=\"0\" \/>\n<\/div>\n\t\t<\/div>\n\t\n\t<\/form>\n\n<\/div>\n\n\n<div data-block-name=\"woocommerce\/product-meta\" class=\"wp-block-woocommerce-product-meta\">\n<div class=\"wp-block-group is-nowrap is-layout-flex wp-container-core-group-is-layout-ad2f72ca wp-block-group-is-layout-flex\">\n\n<div class=\"taxonomy-product_cat wp-block-post-terms\"><span class=\"wp-block-post-terms__prefix\">Cat\u00e9gorie\u00a0: <\/span><a href=\"https:\/\/gpop-events.ddns.net\/index.php\/categorie-produit\/bonnet-de-bain\/\" rel=\"tag\">Bonnet de bain<\/a><span class=\"wp-block-post-terms__separator\">, <\/span><a href=\"https:\/\/gpop-events.ddns.net\/index.php\/categorie-produit\/mixte-h-f\/\" rel=\"tag\">Mixte H\/F<\/a><\/div>\n\n<div class=\"taxonomy-product_tag wp-block-post-terms\"><span class=\"wp-block-post-terms__prefix\">\u00c9tiquettes\u00a0:<\/span><a href=\"https:\/\/gpop-events.ddns.net\/index.php\/etiquette-produit\/bonnet-de-bain\/\" rel=\"tag\">Bonnet de bain<\/a><\/div><\/div>\n<\/div>\n<\/div>\n<\/div>\n<\/div>\n","protected":false},"excerpt":{"rendered":"<p>Bienvenue sur mon site internet !! Vous avez \u00e9t\u00e9 nombreux \u00e0 me demander de cr\u00e9er un bonnet de bain hors du commun, unique en son genre. Tr\u00e8s bonne id\u00e9e. Je vous propose donc une premi\u00e8re cr\u00e9ation, et mets en vente : 100 bonnets, taille unique, couleur bleue. Fabrication de qualit\u00e9 via mon partenaire Eurocomswim. L&rsquo;objectif prochain sera de vous proposer r\u00e9guli\u00e8rement de nouvelles cr\u00e9ations funs, dr\u00f4les et d\u00e9cal\u00e9es : T-shirt, Bonnet, Maillots de bain, Goodies&#8230; Rejoignez moi sur les r\u00e9seaux sociaux et partagez votre meilleure photo, en situation, avec le bonnet sur la t\u00eate !! A bient\u00f4t Guillaume Pop<\/p>\n","protected":false},"author":1,"featured_media":0,"parent":0,"menu_order":0,"comment_status":"closed","ping_status":"open","template":"","meta":{"footnotes":""},"class_list":["post-2","page","type-page","status-publish","hentry"],"yoast_head":"<!-- This site is optimized with the Yoast SEO plugin v27.3 - https:\/\/yoast.com\/product\/yoast-seo-wordpress\/ -->\n<title>Bonjour la team !! -<\/title>\n<meta name=\"robots\" content=\"index, follow, max-snippet:-1, max-image-preview:large, max-video-preview:-1\" \/>\n<link rel=\"canonical\" href=\"https:\/\/gpop-events.ddns.net\/\" \/>\n<meta property=\"og:locale\" content=\"fr_FR\" \/>\n<meta property=\"og:type\" content=\"article\" \/>\n<meta property=\"og:title\" content=\"Bonjour la team !! -\" \/>\n<meta property=\"og:description\" content=\"Bienvenue sur mon site internet !! Vous avez \u00e9t\u00e9 nombreux \u00e0 me demander de cr\u00e9er un bonnet de bain hors du commun, unique en son genre. Tr\u00e8s bonne id\u00e9e. Je vous propose donc une premi\u00e8re cr\u00e9ation, et mets en vente : 100 bonnets, taille unique, couleur bleue. Fabrication de qualit\u00e9 via mon partenaire Eurocomswim. L&rsquo;objectif prochain sera de vous proposer r\u00e9guli\u00e8rement de nouvelles cr\u00e9ations funs, dr\u00f4les et d\u00e9cal\u00e9es : T-shirt, Bonnet, Maillots de bain, Goodies&#8230; Rejoignez moi sur les r\u00e9seaux sociaux et partagez votre meilleure photo, en situation, avec le bonnet sur la t\u00eate !! A bient\u00f4t Guillaume Pop\" \/>\n<meta property=\"og:url\" content=\"https:\/\/gpop-events.ddns.net\/\" \/>\n<meta property=\"article:modified_time\" content=\"2025-03-05T20:49:07+00:00\" \/>\n<meta property=\"og:image\" content=\"https:\/\/gpop-events.ddns.net\/wp-content\/uploads\/2025\/01\/baniere-site-gpop-1024x194.png\" \/>\n\t<meta property=\"og:image:width\" content=\"1024\" \/>\n\t<meta property=\"og:image:height\" content=\"194\" \/>\n\t<meta property=\"og:image:type\" content=\"image\/png\" \/>\n<meta name=\"twitter:card\" content=\"summary_large_image\" \/>\n<meta name=\"twitter:label1\" content=\"Dur\u00e9e de lecture estim\u00e9e\" \/>\n\t<meta name=\"twitter:data1\" content=\"1 minute\" \/>\n<script type=\"application\/ld+json\" class=\"yoast-schema-graph\">{\"@context\":\"https:\\\/\\\/schema.org\",\"@graph\":[{\"@type\":\"WebPage\",\"@id\":\"https:\\\/\\\/gpop-events.ddns.net\\\/\",\"url\":\"https:\\\/\\\/gpop-events.ddns.net\\\/\",\"name\":\"Bonjour la team !! -\",\"isPartOf\":{\"@id\":\"https:\\\/\\\/gpop-events.ddns.net\\\/#website\"},\"datePublished\":\"2023-03-17T21:04:29+00:00\",\"dateModified\":\"2025-03-05T20:49:07+00:00\",\"breadcrumb\":{\"@id\":\"https:\\\/\\\/gpop-events.ddns.net\\\/#breadcrumb\"},\"inLanguage\":\"fr-FR\",\"potentialAction\":[{\"@type\":\"ReadAction\",\"target\":[\"https:\\\/\\\/gpop-events.ddns.net\\\/\"]}]},{\"@type\":\"BreadcrumbList\",\"@id\":\"https:\\\/\\\/gpop-events.ddns.net\\\/#breadcrumb\",\"itemListElement\":[{\"@type\":\"ListItem\",\"position\":1,\"name\":\"Accueil\",\"item\":\"https:\\\/\\\/gpop-events.ddns.net\\\/\"},{\"@type\":\"ListItem\",\"position\":2,\"name\":\"Bonjour la team !!\"}]},{\"@type\":\"WebSite\",\"@id\":\"https:\\\/\\\/gpop-events.ddns.net\\\/#website\",\"url\":\"https:\\\/\\\/gpop-events.ddns.net\\\/\",\"name\":\"gpop-events.ddns.net\",\"description\":\"\",\"publisher\":{\"@id\":\"https:\\\/\\\/gpop-events.ddns.net\\\/#organization\"},\"alternateName\":\"gpop-events\",\"potentialAction\":[{\"@type\":\"SearchAction\",\"target\":{\"@type\":\"EntryPoint\",\"urlTemplate\":\"https:\\\/\\\/gpop-events.ddns.net\\\/?s={search_term_string}\"},\"query-input\":{\"@type\":\"PropertyValueSpecification\",\"valueRequired\":true,\"valueName\":\"search_term_string\"}}],\"inLanguage\":\"fr-FR\"},{\"@type\":\"Organization\",\"@id\":\"https:\\\/\\\/gpop-events.ddns.net\\\/#organization\",\"name\":\"GPop-Events\",\"url\":\"https:\\\/\\\/gpop-events.ddns.net\\\/\",\"logo\":{\"@type\":\"ImageObject\",\"inLanguage\":\"fr-FR\",\"@id\":\"https:\\\/\\\/gpop-events.ddns.net\\\/#\\\/schema\\\/logo\\\/image\\\/\",\"url\":\"https:\\\/\\\/gpop-events.ddns.net\\\/wp-content\\\/uploads\\\/2024\\\/06\\\/cropped-cropped-logo01-fond-transparent.png\",\"contentUrl\":\"https:\\\/\\\/gpop-events.ddns.net\\\/wp-content\\\/uploads\\\/2024\\\/06\\\/cropped-cropped-logo01-fond-transparent.png\",\"width\":1189,\"height\":388,\"caption\":\"GPop-Events\"},\"image\":{\"@id\":\"https:\\\/\\\/gpop-events.ddns.net\\\/#\\\/schema\\\/logo\\\/image\\\/\"},\"sameAs\":[\"https:\\\/\\\/www.instagram.com\\\/guillaumepop\\\/\",\"https:\\\/\\\/www.youtube.com\\\/channel\\\/UCqJCh-GC2z3onEiLPzbb9EQ\",\"https:\\\/\\\/www.tiktok.com\\\/@guillaumepop\"]}]}<\/script>\n<!-- \/ Yoast SEO plugin. -->","yoast_head_json":{"title":"Bonjour la team !! -","robots":{"index":"index","follow":"follow","max-snippet":"max-snippet:-1","max-image-preview":"max-image-preview:large","max-video-preview":"max-video-preview:-1"},"canonical":"https:\/\/gpop-events.ddns.net\/","og_locale":"fr_FR","og_type":"article","og_title":"Bonjour la team !! -","og_description":"Bienvenue sur mon site internet !! Vous avez \u00e9t\u00e9 nombreux \u00e0 me demander de cr\u00e9er un bonnet de bain hors du commun, unique en son genre. Tr\u00e8s bonne id\u00e9e. Je vous propose donc une premi\u00e8re cr\u00e9ation, et mets en vente : 100 bonnets, taille unique, couleur bleue. Fabrication de qualit\u00e9 via mon partenaire Eurocomswim. L&rsquo;objectif prochain sera de vous proposer r\u00e9guli\u00e8rement de nouvelles cr\u00e9ations funs, dr\u00f4les et d\u00e9cal\u00e9es : T-shirt, Bonnet, Maillots de bain, Goodies&#8230; Rejoignez moi sur les r\u00e9seaux sociaux et partagez votre meilleure photo, en situation, avec le bonnet sur la t\u00eate !! A bient\u00f4t Guillaume Pop","og_url":"https:\/\/gpop-events.ddns.net\/","article_modified_time":"2025-03-05T20:49:07+00:00","og_image":[{"width":1024,"height":194,"url":"https:\/\/gpop-events.ddns.net\/wp-content\/uploads\/2025\/01\/baniere-site-gpop-1024x194.png","type":"image\/png"}],"twitter_card":"summary_large_image","twitter_misc":{"Dur\u00e9e de lecture estim\u00e9e":"1 minute"},"schema":{"@context":"https:\/\/schema.org","@graph":[{"@type":"WebPage","@id":"https:\/\/gpop-events.ddns.net\/","url":"https:\/\/gpop-events.ddns.net\/","name":"Bonjour la team !! -","isPartOf":{"@id":"https:\/\/gpop-events.ddns.net\/#website"},"datePublished":"2023-03-17T21:04:29+00:00","dateModified":"2025-03-05T20:49:07+00:00","breadcrumb":{"@id":"https:\/\/gpop-events.ddns.net\/#breadcrumb"},"inLanguage":"fr-FR","potentialAction":[{"@type":"ReadAction","target":["https:\/\/gpop-events.ddns.net\/"]}]},{"@type":"BreadcrumbList","@id":"https:\/\/gpop-events.ddns.net\/#breadcrumb","itemListElement":[{"@type":"ListItem","position":1,"name":"Accueil","item":"https:\/\/gpop-events.ddns.net\/"},{"@type":"ListItem","position":2,"name":"Bonjour la team !!"}]},{"@type":"WebSite","@id":"https:\/\/gpop-events.ddns.net\/#website","url":"https:\/\/gpop-events.ddns.net\/","name":"gpop-events.ddns.net","description":"","publisher":{"@id":"https:\/\/gpop-events.ddns.net\/#organization"},"alternateName":"gpop-events","potentialAction":[{"@type":"SearchAction","target":{"@type":"EntryPoint","urlTemplate":"https:\/\/gpop-events.ddns.net\/?s={search_term_string}"},"query-input":{"@type":"PropertyValueSpecification","valueRequired":true,"valueName":"search_term_string"}}],"inLanguage":"fr-FR"},{"@type":"Organization","@id":"https:\/\/gpop-events.ddns.net\/#organization","name":"GPop-Events","url":"https:\/\/gpop-events.ddns.net\/","logo":{"@type":"ImageObject","inLanguage":"fr-FR","@id":"https:\/\/gpop-events.ddns.net\/#\/schema\/logo\/image\/","url":"https:\/\/gpop-events.ddns.net\/wp-content\/uploads\/2024\/06\/cropped-cropped-logo01-fond-transparent.png","contentUrl":"https:\/\/gpop-events.ddns.net\/wp-content\/uploads\/2024\/06\/cropped-cropped-logo01-fond-transparent.png","width":1189,"height":388,"caption":"GPop-Events"},"image":{"@id":"https:\/\/gpop-events.ddns.net\/#\/schema\/logo\/image\/"},"sameAs":["https:\/\/www.instagram.com\/guillaumepop\/","https:\/\/www.youtube.com\/channel\/UCqJCh-GC2z3onEiLPzbb9EQ","https:\/\/www.tiktok.com\/@guillaumepop"]}]}},"acf":[],"_links":{"self":[{"href":"https:\/\/gpop-events.ddns.net\/index.php\/wp-json\/wp\/v2\/pages\/2","targetHints":{"allow":["GET"]}}],"collection":[{"href":"https:\/\/gpop-events.ddns.net\/index.php\/wp-json\/wp\/v2\/pages"}],"about":[{"href":"https:\/\/gpop-events.ddns.net\/index.php\/wp-json\/wp\/v2\/types\/page"}],"author":[{"embeddable":true,"href":"https:\/\/gpop-events.ddns.net\/index.php\/wp-json\/wp\/v2\/users\/1"}],"replies":[{"embeddable":true,"href":"https:\/\/gpop-events.ddns.net\/index.php\/wp-json\/wp\/v2\/comments?post=2"}],"version-history":[{"count":21,"href":"https:\/\/gpop-events.ddns.net\/index.php\/wp-json\/wp\/v2\/pages\/2\/revisions"}],"predecessor-version":[{"id":397,"href":"https:\/\/gpop-events.ddns.net\/index.php\/wp-json\/wp\/v2\/pages\/2\/revisions\/397"}],"wp:attachment":[{"href":"https:\/\/gpop-events.ddns.net\/index.php\/wp-json\/wp\/v2\/media?parent=2"}],"curies":[{"name":"wp","href":"https:\/\/api.w.org\/{rel}","templated":true}]}}